{"id":12,"date":"2014-01-23T20:09:47","date_gmt":"2014-01-23T20:09:47","guid":{"rendered":"http:\/\/automanie.ca\/pieces\/?page_id=12"},"modified":"2015-11-11T13:40:03","modified_gmt":"2015-11-11T13:40:03","slug":"peinture-pour-automobiles","status":"publish","type":"page","link":"https:\/\/automanie.ca\/pieces\/peinture-pour-automobiles\/","title":{"rendered":"Peinture pour automobiles"},"content":{"rendered":"<p style=\"text-align: center;\"><a href=\"http:\/\/automanie.ca\/pieces\/wp-content\/uploads\/2014\/02\/PPG.jpg\"><img loading=\"lazy\" decoding=\"async\" class=\"aligncenter wp-image-42\" src=\"http:\/\/automanie.ca\/pieces\/wp-content\/uploads\/2014\/02\/PPG.jpg\" alt=\"PPG\" width=\"438\" height=\"210\" srcset=\"https:\/\/automanie.ca\/pieces\/wp-content\/uploads\/2014\/02\/PPG.jpg 914w, https:\/\/automanie.ca\/pieces\/wp-content\/uploads\/2014\/02\/PPG-300x143.jpg 300w\" sizes=\"auto, (max-width: 438px) 100vw, 438px\" \/><\/a><\/p>\n<p>Automanie con\u00e7oit sur place selon votre <strong>code de couleur<\/strong>, la <strong>marque <\/strong>ou le <strong>mod\u00e8le de votre v\u00e9hicule<\/strong> une peinture selon vos besoin. Avec un <strong>vaste choix<\/strong> de produits, nous saurons satisfaire toutes vos attentes. Avec <strong>son personnels form\u00e9<\/strong>, Automanie vous assure\u00a0de bien vous\u00a0dirigez pour vous aider\u00a0\u00e0 faire les bons choix.<\/p>\n<h4>Plusieurs formats disponibles:<\/h4>\n<ul>\n<li>Canette en a\u00e9rosol<\/li>\n<li>Pint 1\/4<\/li>\n<li>Chopine 1\/8<\/li>\n<li>Gallon<\/li>\n<\/ul>\n<p><strong>Aussi disponible; un choix vari\u00e9 d&rsquo;appr\u00eat et de vernis\u00a0vous sont\u00a0offert en plusieurs format\u00a0autant pour\u00a0les petits travaux comme les grands.<\/strong><\/p>\n<ul>\n<li>Gamme de produits et de mat\u00e9riel pour la carrosserie<\/li>\n<li>Catalogue de couleurs sur place, disponible \u00e0 votre besoin<\/li>\n<li>Base coat, polyur\u00e9thane, \u00e9poxy, alkyde, acrylique, aquacron<\/li>\n<\/ul>\n<p>&nbsp;<\/p>\n<p><a href=\"http:\/\/automanie.ca\/pieces\/promotion-rustyshield\/\" target=\"_blank\"><img loading=\"lazy\" decoding=\"async\" class=\"aligncenter wp-image-183 size-medium\" src=\"http:\/\/automanie.ca\/pieces\/wp-content\/uploads\/2014\/01\/rusty-carre-fond-noir-300x180.jpg\" alt=\"rusty carre fond noir\" width=\"300\" height=\"180\" srcset=\"https:\/\/automanie.ca\/pieces\/wp-content\/uploads\/2014\/01\/rusty-carre-fond-noir-300x180.jpg 300w, https:\/\/automanie.ca\/pieces\/wp-content\/uploads\/2014\/01\/rusty-carre-fond-noir-1024x615.jpg 1024w, https:\/\/automanie.ca\/pieces\/wp-content\/uploads\/2014\/01\/rusty-carre-fond-noir-600x360.jpg 600w, https:\/\/automanie.ca\/pieces\/wp-content\/uploads\/2014\/01\/rusty-carre-fond-noir.jpg 1501w\" sizes=\"auto, (max-width: 300px) 100vw, 300px\" \/><\/a><\/p>\n","protected":false},"excerpt":{"rendered":"<p>Automanie con\u00e7oit sur place selon votre code de couleur, la marque ou le mod\u00e8le de votre v\u00e9hicule une peinture selon vos besoin. Avec un vaste choix de produits, nous saurons &hellip;<\/p>\n","protected":false},"author":1,"featured_media":0,"parent":0,"menu_order":0,"comment_status":"closed","ping_status":"closed","template":"","meta":{"footnotes":""},"class_list":["post-12","page","type-page","status-publish","hentry"],"_links":{"self":[{"href":"https:\/\/automanie.ca\/pieces\/wp-json\/wp\/v2\/pages\/12","targetHints":{"allow":["GET"]}}],"collection":[{"href":"https:\/\/automanie.ca\/pieces\/wp-json\/wp\/v2\/pages"}],"about":[{"href":"https:\/\/automanie.ca\/pieces\/wp-json\/wp\/v2\/types\/page"}],"author":[{"embeddable":true,"href":"https:\/\/automanie.ca\/pieces\/wp-json\/wp\/v2\/users\/1"}],"replies":[{"embeddable":true,"href":"https:\/\/automanie.ca\/pieces\/wp-json\/wp\/v2\/comments?post=12"}],"version-history":[{"count":8,"href":"https:\/\/automanie.ca\/pieces\/wp-json\/wp\/v2\/pages\/12\/revisions"}],"predecessor-version":[{"id":185,"href":"https:\/\/automanie.ca\/pieces\/wp-json\/wp\/v2\/pages\/12\/revisions\/185"}],"wp:attachment":[{"href":"https:\/\/automanie.ca\/pieces\/wp-json\/wp\/v2\/media?parent=12"}],"curies":[{"name":"wp","href":"https:\/\/api.w.org\/{rel}","templated":true}]}}