{"id":121,"date":"2015-04-20T19:07:08","date_gmt":"2015-04-20T19:07:08","guid":{"rendered":"http:\/\/automanie.ca\/pieces\/?page_id=121"},"modified":"2016-07-04T14:21:05","modified_gmt":"2016-07-04T14:21:05","slug":"promotion-walkermonroe","status":"publish","type":"page","link":"https:\/\/automanie.ca\/pieces\/promotion-walkermonroe\/","title":{"rendered":"Promotion Walker\/Monroe"},"content":{"rendered":"<h1 style=\"text-align: center;\">QUAND ONT EST PAY\u00c9 POUR ACHETER!<\/h1>\n<div class=\"row\">\n<div class=\"twelve columns\">\n<div class=\"pull-left seven columns\">\n<div class=\"eleven columns\"><img decoding=\"async\" class=\"aligncenter\" src=\"http:\/\/unipro.ca\/media\/uploads\/blocks\/2016-05\/Monroe_Balade.JPG\" alt=\"Du 25 Juin au 31 Juillet 2016\" \/><\/div>\n<\/div>\n<h2 style=\"text-align: center;\">Du 25 Juin au 31 Juillet 2016<\/h2>\n<p>D\u00e8s le 25 juin jusqu\u2019\u00e0 la fin de juillet, Monroe vous propose une nouvelle promotion nationale juste pour vous. Les consommateurs pourront obtenir des cartes MasterCard d\u2019une valeur pouvant atteindre jusqu\u2019\u00e0 <strong>40$ \u00a0\u00e0 l\u2019achat de <u>DEUX<\/u> <\/strong>ou plus ou \u00a0jusqu\u2019\u00e0 <strong>80$ \u00e0 l\u2019achat de <u>QUATRE<\/u> <\/strong>produits admissibles \u00a0Monroe(R) ou Rancho(R) produits de suspension. Ne manquez pas cette chance!<\/p>\n<\/div>\n<\/div>\n<h2 style=\"text-align: center;\"><span style=\"color: #ff0000;\"><img loading=\"lazy\" decoding=\"async\" class=\" wp-image-123 aligncenter\" src=\"http:\/\/automanie.ca\/pieces\/wp-content\/uploads\/2015\/04\/header_logo-monroe.png\" alt=\"header_logo monroe\" width=\"517\" height=\"132\" srcset=\"https:\/\/automanie.ca\/pieces\/wp-content\/uploads\/2015\/04\/header_logo-monroe.png 470w, https:\/\/automanie.ca\/pieces\/wp-content\/uploads\/2015\/04\/header_logo-monroe-300x77.png 300w\" sizes=\"auto, (max-width: 517px) 100vw, 517px\" \/><\/span><\/h2>\n<h6>*\u00a0Les Cartes sont \u00e9mises par Citibank Canada, d\u00e9tentrice d&rsquo;une licence MasterCard international, et sont g\u00e9r\u00e9es par Citi Prepaid Services. Les cartes ne peuvent \u00eatre \u00e9chang\u00e9es contre de l&rsquo;argent comptant et peuvent \u00eatre utilis\u00e9es partout ou les cartes de d\u00e9bit MasterCard dont accept\u00e9es.<\/h6>\n<p><a href=\"http:\/\/automanie.ca\/pieces\/wp-content\/uploads\/2015\/04\/header_logo-monroe.png\">\u00a0<\/a><\/p>\n","protected":false},"excerpt":{"rendered":"<p>QUAND ONT EST PAY\u00c9 POUR ACHETER! Du 25 Juin au 31 Juillet 2016 D\u00e8s le 25 juin jusqu\u2019\u00e0 la fin de juillet, Monroe vous propose une nouvelle promotion nationale juste &hellip;<\/p>\n","protected":false},"author":1,"featured_media":0,"parent":0,"menu_order":0,"comment_status":"closed","ping_status":"closed","template":"","meta":{"footnotes":""},"class_list":["post-121","page","type-page","status-publish","hentry"],"_links":{"self":[{"href":"https:\/\/automanie.ca\/pieces\/wp-json\/wp\/v2\/pages\/121","targetHints":{"allow":["GET"]}}],"collection":[{"href":"https:\/\/automanie.ca\/pieces\/wp-json\/wp\/v2\/pages"}],"about":[{"href":"https:\/\/automanie.ca\/pieces\/wp-json\/wp\/v2\/types\/page"}],"author":[{"embeddable":true,"href":"https:\/\/automanie.ca\/pieces\/wp-json\/wp\/v2\/users\/1"}],"replies":[{"embeddable":true,"href":"https:\/\/automanie.ca\/pieces\/wp-json\/wp\/v2\/comments?post=121"}],"version-history":[{"count":11,"href":"https:\/\/automanie.ca\/pieces\/wp-json\/wp\/v2\/pages\/121\/revisions"}],"predecessor-version":[{"id":148,"href":"https:\/\/automanie.ca\/pieces\/wp-json\/wp\/v2\/pages\/121\/revisions\/148"}],"wp:attachment":[{"href":"https:\/\/automanie.ca\/pieces\/wp-json\/wp\/v2\/media?parent=121"}],"curies":[{"name":"wp","href":"https:\/\/api.w.org\/{rel}","templated":true}]}}