{"id":19,"date":"2014-01-23T20:23:19","date_gmt":"2014-01-23T20:23:19","guid":{"rendered":"http:\/\/automanie.ca\/pieces\/?page_id=19"},"modified":"2014-01-23T20:23:19","modified_gmt":"2014-01-23T20:23:19","slug":"peinture-commerciale","status":"publish","type":"page","link":"https:\/\/automanie.ca\/pieces\/peinture-commerciale\/","title":{"rendered":"Peinture commerciale"},"content":{"rendered":"<p><a href=\"http:\/\/automanie.ca\/pieces\/wp-content\/uploads\/2014\/01\/CPC_Logo_bw.jpg\"><img loading=\"lazy\" decoding=\"async\" class=\"alignnone size-medium wp-image-20\" alt=\"CPC_Logo_bw\" src=\"http:\/\/automanie.ca\/pieces\/wp-content\/uploads\/2014\/01\/CPC_Logo_bw-300x89.jpg\" width=\"300\" height=\"89\" srcset=\"https:\/\/automanie.ca\/pieces\/wp-content\/uploads\/2014\/01\/CPC_Logo_bw-300x89.jpg 300w, https:\/\/automanie.ca\/pieces\/wp-content\/uploads\/2014\/01\/CPC_Logo_bw.jpg 846w\" sizes=\"auto, (max-width: 300px) 100vw, 300px\" \/><\/a><\/p>\n<p>Automanie Pi\u00e8ces, con\u00e7oit sur place selon votre <strong>code de couleur <\/strong>de votre \u00e9quipement industriel, la peinture parfaite!<\/p>\n<h4>Plusieurs formats disponibles:<\/h4>\n<ul>\n<li>Canette<\/li>\n<li>Cannette 1\/4<\/li>\n<li>Cannette 1\/8<\/li>\n<li>Gallon<\/li>\n<\/ul>\n<p>Aussi disponible; appr\u00eat et vernis en canette et en gallon<\/p>\n<ul>\n<li>Gamme de produits et de mat\u00e9riel pour la carrosserie<\/li>\n<li>Catalogue de couleurs su place<\/li>\n<li>Base coat, polyur\u00e9thane, \u00e9poxy, alkyde, acrylique, aquacron<\/li>\n<\/ul>\n","protected":false},"excerpt":{"rendered":"<p>Automanie Pi\u00e8ces, con\u00e7oit sur place selon votre code de couleur de votre \u00e9quipement industriel, la peinture parfaite! Plusieurs formats disponibles: Canette Cannette 1\/4 Cannette 1\/8 Gallon Aussi disponible; appr\u00eat et &hellip;<\/p>\n","protected":false},"author":1,"featured_media":0,"parent":0,"menu_order":0,"comment_status":"closed","ping_status":"closed","template":"","meta":{"footnotes":""},"class_list":["post-19","page","type-page","status-publish","hentry"],"_links":{"self":[{"href":"https:\/\/automanie.ca\/pieces\/wp-json\/wp\/v2\/pages\/19","targetHints":{"allow":["GET"]}}],"collection":[{"href":"https:\/\/automanie.ca\/pieces\/wp-json\/wp\/v2\/pages"}],"about":[{"href":"https:\/\/automanie.ca\/pieces\/wp-json\/wp\/v2\/types\/page"}],"author":[{"embeddable":true,"href":"https:\/\/automanie.ca\/pieces\/wp-json\/wp\/v2\/users\/1"}],"replies":[{"embeddable":true,"href":"https:\/\/automanie.ca\/pieces\/wp-json\/wp\/v2\/comments?post=19"}],"version-history":[{"count":1,"href":"https:\/\/automanie.ca\/pieces\/wp-json\/wp\/v2\/pages\/19\/revisions"}],"predecessor-version":[{"id":21,"href":"https:\/\/automanie.ca\/pieces\/wp-json\/wp\/v2\/pages\/19\/revisions\/21"}],"wp:attachment":[{"href":"https:\/\/automanie.ca\/pieces\/wp-json\/wp\/v2\/media?parent=19"}],"curies":[{"name":"wp","href":"https:\/\/api.w.org\/{rel}","templated":true}]}}