{"id":219,"date":"2016-08-29T14:03:48","date_gmt":"2016-08-29T14:03:48","guid":{"rendered":"http:\/\/automanie.ca\/pieces\/?page_id=219"},"modified":"2016-08-29T14:35:20","modified_gmt":"2016-08-29T14:35:20","slug":"produit-mirka","status":"publish","type":"page","link":"https:\/\/automanie.ca\/pieces\/produit-mirka\/","title":{"rendered":"PRODUIT MIRKA"},"content":{"rendered":"<h3><iframe loading=\"lazy\"  style=\"display: block; margin: 0px auto;\"  id=\"_ytid_67694\"  width=\"620\" height=\"349\"  data-origwidth=\"620\" data-origheight=\"349\" src=\"https:\/\/www.youtube.com\/embed\/i3WEmukhsis?enablejsapi=1&origin=https:\/\/automanie.ca&listType=playlist&list=PLJfGcrwkZIU98tQ_jmfRbrO2UJD35cUtN&autoplay=0&cc_load_policy=1&cc_lang_pref=&iv_load_policy=1&loop=0&modestbranding=0&rel=1&fs=1&playsinline=1&autohide=1&theme=dark&color=red&controls=1&\" class=\"__youtube_prefs__  no-lazyload\" data-vol=\"50\"  data-epautoplay=\"1\"  title=\"YouTube player\"  allow=\"accelerometer; autoplay; clipboard-write; encrypted-media; gyroscope; picture-in-picture\" allowfullscreen data-no-lazy=\"1\" data-skipgform_ajax_framebjll=\"\"><\/iframe><\/h3>\n<p>Depuis deux d\u00e9cennies, l\u2019industrie de la r\u00e9paration automobile est devenue un secteur cl\u00e9. Forte de sa capacit\u00e9 \u00e0 toujours fournir des produits de pointe, r\u00e9pondant aux besoins constants des industriels, que ce soit pour am\u00e9liorer leur efficacit\u00e9 et leur productivit\u00e9 ou pour \u00e9voluer dans un environnement de travail plus propre, Mirka s\u2019est vu devenir une des marques les plus pris\u00e9es du monde.<\/p>\n<p>&nbsp;<\/p>\n<p>Unique en son genre, le concept Mirka de pon\u00e7age sans poussi\u00e8re, associ\u00e9 \u00e0 nos solutions efficaces de finition de surface, a remplac\u00e9 dans de nombreuses industries les m\u00e9thodes traditionnelles de pon\u00e7age. Les produits Mirka sont approuv\u00e9s par les plus grands fournisseurs de peinture du monde et sont utilis\u00e9s dans les ateliers de carrosserie dans le monde entier.<\/p>\n<p>&nbsp;<\/p>\n<p><span style=\"text-decoration: underline;\"><strong>NOUVELLES<\/strong><\/span><\/p>\n<p><a href=\"http:\/\/app.bwz.se\/mirka\/b\/m\/?l=85fefc9e-7010-45c3-b506-39d8b87ce75d&amp;r=9050&amp;rcrc=FEE617CE\" target=\"_blank\">Am\u00e9lioration de Mirka aout 2016<\/a><\/p>\n","protected":false},"excerpt":{"rendered":"<p>Depuis deux d\u00e9cennies, l\u2019industrie de la r\u00e9paration automobile est devenue un secteur cl\u00e9. Forte de sa capacit\u00e9 \u00e0 toujours fournir des produits de pointe, r\u00e9pondant aux besoins constants des industriels, &hellip;<\/p>\n","protected":false},"author":1,"featured_media":0,"parent":0,"menu_order":0,"comment_status":"closed","ping_status":"closed","template":"","meta":{"footnotes":""},"class_list":["post-219","page","type-page","status-publish","hentry"],"_links":{"self":[{"href":"https:\/\/automanie.ca\/pieces\/wp-json\/wp\/v2\/pages\/219","targetHints":{"allow":["GET"]}}],"collection":[{"href":"https:\/\/automanie.ca\/pieces\/wp-json\/wp\/v2\/pages"}],"about":[{"href":"https:\/\/automanie.ca\/pieces\/wp-json\/wp\/v2\/types\/page"}],"author":[{"embeddable":true,"href":"https:\/\/automanie.ca\/pieces\/wp-json\/wp\/v2\/users\/1"}],"replies":[{"embeddable":true,"href":"https:\/\/automanie.ca\/pieces\/wp-json\/wp\/v2\/comments?post=219"}],"version-history":[{"count":3,"href":"https:\/\/automanie.ca\/pieces\/wp-json\/wp\/v2\/pages\/219\/revisions"}],"predecessor-version":[{"id":223,"href":"https:\/\/automanie.ca\/pieces\/wp-json\/wp\/v2\/pages\/219\/revisions\/223"}],"wp:attachment":[{"href":"https:\/\/automanie.ca\/pieces\/wp-json\/wp\/v2\/media?parent=219"}],"curies":[{"name":"wp","href":"https:\/\/api.w.org\/{rel}","templated":true}]}}