{"id":87,"date":"2015-02-26T15:10:03","date_gmt":"2015-02-26T15:10:03","guid":{"rendered":"http:\/\/automanie.ca\/pieces\/?page_id=87"},"modified":"2015-05-07T14:18:33","modified_gmt":"2015-05-07T14:18:33","slug":"promotion-anco","status":"publish","type":"page","link":"https:\/\/automanie.ca\/pieces\/promotion-anco\/","title":{"rendered":"promotion anco"},"content":{"rendered":"<p><span style=\"color: #000000;\"><img loading=\"lazy\" decoding=\"async\" class=\"alignleft wp-image-140 size-medium\" src=\"http:\/\/automanie.ca\/pieces\/wp-content\/uploads\/2015\/02\/49596_termine-300x170.png\" alt=\"49596_termine\" width=\"300\" height=\"170\" srcset=\"https:\/\/automanie.ca\/pieces\/wp-content\/uploads\/2015\/02\/49596_termine-300x170.png 300w, https:\/\/automanie.ca\/pieces\/wp-content\/uploads\/2015\/02\/49596_termine.png 540w\" sizes=\"auto, (max-width: 300px) 100vw, 300px\" \/><\/span><\/p>\n<p><span style=\"color: #000000;\"><strong><span style=\"color: #003366;\"><br \/>\n<\/span><\/strong><\/span><span style=\"color: #000000;\"><strong><span style=\"color: #003366;\"><span style=\"color: #000000;\">Du 1er mars au 30 avril 2015<\/span> <\/span><\/strong><\/span><\/p>\n<p><span style=\"color: #000000;\"><strong>\u00c9conomisez jusqu&rsquo;\u00e0 15$* <\/strong><\/span><\/p>\n<p><span style=\"color: #000000;\"><strong>Sur une paire de balais d&rsquo;essuie-glace Anco.<\/strong><\/span><\/p>\n<p><span style=\"color: #000000;\"><strong>Demandez nous votre code promotionnel en magasin.<\/strong><\/span><\/p>\n<p>&nbsp;<\/p>\n<p>&nbsp;<\/p>\n<p>&nbsp;<\/p>\n<h5><\/h5>\n<h5><span style=\"color: #808080;\">*Apr\u00e8s remise postale. Pour demander votre remise, visitez le site <span style=\"color: #000080;\"><a style=\"color: #000080;\" href=\"https:\/\/www.ancorebate.com\/\" target=\"_blank\">www.ANCORebate.com<\/a><span style=\"color: #808080;\">. Pour obtenir<\/span><\/span><\/span><br \/>\n<span style=\"color: #808080;\">la remise, le bon de r\u00e9clamation en ligne doit \u00eatre pr\u00e9sent\u00e9, accompagn\u00e9 du re\u00e7u de caisse original<\/span><br \/>\n<span style=\"color: #808080;\">validant l&rsquo;achat de balais d&rsquo;essuie-glace ANCO admissibles. La remise sur une paire d&rsquo;essuie-glace<\/span><br \/>\n<span style=\"color: #808080;\">Contour est de 15$ CAN. La remise sur une paire d&rsquo;essuie-glace Profile ou Transform est de 10$ CAN. <\/span><br \/>\n<span style=\"color: #808080;\">La remise sur une paire de balais d&rsquo;hiver ou 31-series est de 5$ CAN. Les balais arri\u00e8re ne sont pas<\/span><br \/>\n<span style=\"color: #808080;\">admissibles \u00e0 cette remise. D&rsquo;autres conditions s&rsquo;applique, veuillez demander \u00e0 votre commis.<\/span><\/h5>\n","protected":false},"excerpt":{"rendered":"<p>Du 1er mars au 30 avril 2015 \u00c9conomisez jusqu&rsquo;\u00e0 15$* Sur une paire de balais d&rsquo;essuie-glace Anco. Demandez nous votre code promotionnel en magasin. &nbsp; &nbsp; &nbsp; *Apr\u00e8s remise postale. &hellip;<\/p>\n","protected":false},"author":1,"featured_media":0,"parent":0,"menu_order":0,"comment_status":"closed","ping_status":"closed","template":"","meta":{"footnotes":""},"class_list":["post-87","page","type-page","status-publish","hentry"],"_links":{"self":[{"href":"https:\/\/automanie.ca\/pieces\/wp-json\/wp\/v2\/pages\/87","targetHints":{"allow":["GET"]}}],"collection":[{"href":"https:\/\/automanie.ca\/pieces\/wp-json\/wp\/v2\/pages"}],"about":[{"href":"https:\/\/automanie.ca\/pieces\/wp-json\/wp\/v2\/types\/page"}],"author":[{"embeddable":true,"href":"https:\/\/automanie.ca\/pieces\/wp-json\/wp\/v2\/users\/1"}],"replies":[{"embeddable":true,"href":"https:\/\/automanie.ca\/pieces\/wp-json\/wp\/v2\/comments?post=87"}],"version-history":[{"count":4,"href":"https:\/\/automanie.ca\/pieces\/wp-json\/wp\/v2\/pages\/87\/revisions"}],"predecessor-version":[{"id":142,"href":"https:\/\/automanie.ca\/pieces\/wp-json\/wp\/v2\/pages\/87\/revisions\/142"}],"wp:attachment":[{"href":"https:\/\/automanie.ca\/pieces\/wp-json\/wp\/v2\/media?parent=87"}],"curies":[{"name":"wp","href":"https:\/\/api.w.org\/{rel}","templated":true}]}}